{"id":620,"date":"2019-06-19T18:34:17","date_gmt":"2019-06-19T17:34:17","guid":{"rendered":"https:\/\/new.pachamamacoaching.com\/?page_id=620"},"modified":"2020-03-10T19:15:10","modified_gmt":"2020-03-10T19:15:10","slug":"terms-conditions","status":"publish","type":"page","link":"https:\/\/pachamamacoaching.com\/fr\/terms-conditions\/","title":{"rendered":"Terms &#038; Conditions"},"content":{"rendered":"<div data-elementor-type=\"wp-page\" data-elementor-id=\"620\" class=\"elementor elementor-620\" data-elementor-settings=\"[]\">\n\t\t\t\t\t\t<div class=\"elementor-inner\">\n\t\t\t\t\t\t\t<div class=\"elementor-section-wrap\">\n\t\t\t\t\t\t\t<section class=\"elementor-section elementor-top-section elementor-element elementor-element-20c621cb elementor-section-boxed elementor-section-height-default elementor-section-height-default\" data-id=\"20c621cb\" data-element_type=\"section\" data-settings=\"{&quot;background_background&quot;:&quot;classic&quot;}\">\n\t\t\t\t\t\t<div class=\"elementor-container elementor-column-gap-extended\">\n\t\t\t\t\t\t\t<div class=\"elementor-row\">\n\t\t\t\t\t<div class=\"elementor-column elementor-col-100 elementor-top-column elementor-element elementor-element-4305d2ea\" data-id=\"4305d2ea\" data-element_type=\"column\">\n\t\t\t<div class=\"elementor-column-wrap elementor-element-populated\">\n\t\t\t\t\t\t\t<div class=\"elementor-widget-wrap\">\n\t\t\t\t\t\t<div class=\"elementor-element elementor-element-4f94c7e4 elementor-widget elementor-widget-spacer\" data-id=\"4f94c7e4\" data-element_type=\"widget\" data-widget_type=\"spacer.default\">\n\t\t\t\t<div class=\"elementor-widget-container\">\n\t\t\t\t\t<div class=\"elementor-spacer\">\n\t\t\t<div class=\"elementor-spacer-inner\"><\/div>\n\t\t<\/div>\n\t\t\t\t<\/div>\n\t\t\t\t<\/div>\n\t\t\t\t<div class=\"elementor-element elementor-element-7fd4658b elementor-widget elementor-widget-text-editor\" data-id=\"7fd4658b\" data-element_type=\"widget\" data-widget_type=\"text-editor.default\">\n\t\t\t\t<div class=\"elementor-widget-container\">\n\t\t\t\t\t\t\t\t<div class=\"elementor-text-editor elementor-clearfix\">\n\t\t\t\t\t<p>\u00a0<\/p><p><b>MENTIONS LEGALES<\/b><\/p><p>\u00a0<\/p><p>\u00a0<\/p><p><span style=\"font-weight: 400;\">Ce site est \u00e9dit\u00e9 par Pachamama Coaching, entreprise en nom personnelle domicili\u00e9e 7 rue de l\u2019Industrie \u00e0 98000 Monaco <\/span><span style=\"font-weight: 400;\">&#8211; Tel\u00a0: +377 99 99 67 29\u00a0<\/span><\/p><p><span style=\"font-weight: 400;\">Directrice de la Publication\u00a0: Madame Sabine ROY\u00a0<\/span><\/p><p>\u00a0<\/p><ul><li><b>H\u00e9bergeur du site\u00a0<\/b><\/li><\/ul><p>\u00a0<\/p><p><span style=\"font-weight: 400;\">Ce site est h\u00e9berg\u00e9 par\u00a0: <\/span><span style=\"font-weight: 400;\">IONOS<\/span><span style=\"font-weight: 400;\">\u00a0<\/span><\/p><p><span style=\"font-weight: 400;\">Webdesign : Sophie Gatliff<\/span><\/p><p>\u00a0<\/p><ul><li><b>Propri\u00e9t\u00e9 du site\u00a0<\/b><\/li><\/ul><p>\u00a0<\/p><p><span style=\"font-weight: 400;\">Ce site est la propri\u00e9t\u00e9 exclusive de Pachamama Coaching \u2013 Madame Sabine ROY<\/span><\/p><p>\u00a0<\/p><ul><li><b>Conditions d\u2019utilisation du site\u00a0<\/b><\/li><\/ul><p>\u00a0<\/p><p><span style=\"font-weight: 400;\">L\u2019utilisateur du Site <\/span><a href=\"https:\/\/pachamamacoaching.com\/fr\/\"><span style=\"font-weight: 400;\">https:\/\/www.pachamamacoaching.com\/<\/span><\/a><span style=\"font-weight: 400;\"> (ci-apr\u00e8s \u00ab\u00a0l\u2019Utilisateur\u00a0\u00bb) reconnait avoir pris connaissance des pr\u00e9sentes conditions d\u2019utilisation et s\u2019engage \u00e0 les respecter.\u00a0<\/span><\/p><p>\u00a0<\/p><ul><li><b>Responsabilit\u00e9\u00a0<\/b><\/li><\/ul><p>\u00a0<\/p><p><span style=\"font-weight: 400;\">L\u2019utilisation des informations figurant sur ce Site se fait sous l\u2019enti\u00e8re et seule responsabilit\u00e9 de l\u2019Utilisateur qui reconnait disposer de la comp\u00e9tence et des moyens n\u00e9cessaires pour acc\u00e9der au Site et l\u2019utiliser. Il assume \u00e9galement la totalit\u00e9 des cons\u00e9quences pouvant en d\u00e9couler sans que la responsabilit\u00e9 de Pachamama Coaching puisse \u00eatre recherch\u00e9e \u00e0 ce titre.<\/span><span style=\"font-weight: 400;\"> L\u2019utilisateur reconna\u00eet utiliser les donn\u00e9es, les informations et les outils disponibles sur le Site sous sa responsabilit\u00e9 exclusive.<\/span><\/p><p>\u00a0<\/p><p><span style=\"font-weight: 400;\">Pachamama Coaching met tout en \u0153uvre pour offrir aux Utilisateurs du Site des informations et outils pr\u00e9alablement v\u00e9rifi\u00e9s et efficaces. La Soci\u00e9t\u00e9 ne saurait, toutefois, \u00eatre tenue pour responsable des erreurs, d\u2019une absence de disponibilit\u00e9 des informations, de tout dysfonctionnement et d\u00e9faillance, ou de la pr\u00e9sence de virus ou autre infection logiques sur le Site, et d\u2019un quelconque dommage subi par l\u2019Utilisateur \u00e0 la suite de telles d\u00e9ficiences.\u00a0<\/span><\/p><p>\u00a0<\/p><p><span style=\"font-weight: 400;\">Malgr\u00e9 l\u2019attention apport\u00e9e par Pachamama Coaching aux informations contenues sur ce Site, sa responsabilit\u00e9 ne saurait, toutefois, \u00eatre recherch\u00e9e en cas d\u2019erreur, fausse information ou information approximative, mais \u00e9galement, d\u00e9faut ou insuffisance de traduction, qui y seraient contenus et portant, notamment, sur les contenus, horaires, tarifs, menus, plans, descriptifs\u2026<\/span><\/p><p>\u00a0<\/p><p><span style=\"font-weight: 400;\">Les liens pr\u00e9sents sur le site peuvent orienter l\u2019Utilisateur sur des sites ext\u00e9rieurs dont le contenu ne peut en aucune mani\u00e8re engager la responsabilit\u00e9 de Pachamama Coaching.\u00a0<\/span><\/p><p><span style=\"font-weight: 400;\">La cr\u00e9ation de liens hypertextes vers le site ne peut \u00eatre faite qu&#8217;avec l&#8217;autorisation \u00e9crite et pr\u00e9alable de Sabine ROY qui pourra \u00eatre r\u00e9voqu\u00e9e \u00e0 tout moment. Sabine ROY d\u00e9cline toute responsabilit\u00e9 concernant le contenu des sites li\u00e9s au Site.<\/span><\/p><p>\u00a0<\/p><ul><li><b>Propri\u00e9t\u00e9 intellectuelle \u2013 Droits d\u2019auteur\u00a0<\/b><\/li><\/ul><p>\u00a0<\/p><p><span style=\"font-weight: 400;\">Le contenu, la pr\u00e9sentation et chacun des \u00e9l\u00e9ments, y compris les noms de domaine, marques, logos, enseignes, dessins, illustrations, photographies, textes, graphiques et autres fichiers apparaissant sur le site sont la propri\u00e9t\u00e9 exclusive de Pachamama Coaching, \u00e0 l\u2019exception des marques, logos et enseignes d\u00e9tenus par des tiers et pr\u00e9sent\u00e9s comme tels. Tous ces \u00e9l\u00e9ments sont prot\u00e9g\u00e9s par les lois en vigueur en mati\u00e8re de propri\u00e9t\u00e9 intellectuelle.<\/span><\/p><p>\u00a0<\/p><p><span style=\"font-weight: 400;\">Aucun \u00e9l\u00e9ment composant le site ne peut \u00eatre copi\u00e9, reproduit, modifi\u00e9, r\u00e9\u00e9dit\u00e9, charg\u00e9, d\u00e9natur\u00e9, transmis ou distribu\u00e9 de quelque mani\u00e8re que ce soit, sous quelque support que ce soit, de fa\u00e7on partielle ou int\u00e9grale, sans l\u2019autorisation \u00e9crite et pr\u00e9alable de Pachamama Coaching.<\/span><\/p><p>\u00a0<\/p><p><span style=\"font-weight: 400;\">Toute reproduction des marques et\/ou logos figurant sur ce Site, par quelque moyen que ce soit, sans autorisation pr\u00e9alable et \u00e9crite de Pachamama Coaching, est strictement interdite.<\/span><\/p><p>\u00a0<\/p><p><span style=\"font-weight: 400;\">La communication au public, en totalit\u00e9 ou en partie, et l\u2019utilisation \u00e0 des fins commerciales du contenu de ce site sont express\u00e9ment interdites.<\/span><\/p><p>\u00a0<\/p><p><span style=\"font-weight: 400;\">Toute infraction aux dispositions qui pr\u00e9c\u00e8dent constituerait une atteinte aux droits de Pachamama Coaching passible, notamment, de poursuites pour contrefa\u00e7on.<\/span><\/p><p>\u00a0<\/p><p>\u00a0<\/p><ul><li><b>Informations nominatives<\/b><\/li><\/ul><p>\u00a0<\/p><p><span style=\"font-weight: 400;\">Conform\u00e9ment aux dispositions de la loi n\u00b0 1.165 du 23 d\u00e9cembre 1993 relative \u00e0 la protection des informations nominatives, modifi\u00e9e, Pachamama Coaching s\u2019engage \u00e0 pr\u00e9server la confidentialit\u00e9 des informations nominatives fournies par les usagers dans le cadre de leurs demandes d&#8217;informations.\u00a0<\/span><\/p><p><span style=\"font-weight: 400;\">Aucune information nominative n\u2019est collect\u00e9e \u00e0 l\u2019insu de l\u2019Utilisateur.\u00a0<\/span><\/p><p><span style=\"font-weight: 400;\">Aucune information de l\u2019Utilisateur du Site n\u2019est publi\u00e9e, \u00e9chang\u00e9e, transf\u00e9r\u00e9e ou c\u00e9d\u00e9e \u00e0 un tiers quelconque \u00e0 l\u2019insu de l\u2019utilisateur.\u00a0<\/span><\/p><p><span style=\"font-weight: 400;\">Pachamama Coaching est tr\u00e8s soucieux du respect de votre vie priv\u00e9e et veille scrupuleusement au respect de la protection des informations nominatives communiqu\u00e9es.<\/span><\/p><p><span style=\"font-weight: 400;\">A cet \u00e9gard, le pr\u00e9sente Site a fait l\u2019objet des d\u00e9clarations n\u00e9cessaires aupr\u00e8s de la CCIN.<\/span><span style=\"font-weight: 400;\">\u00a0<\/span><\/p><p><span style=\"font-weight: 400;\">Les informations nominatives ainsi collect\u00e9es sont conserv\u00e9es pour la dur\u00e9e du traitement de la demande et pendant la dur\u00e9e de l&#8217;abonnement de l&#8217;usager.<\/span><\/p><p><span style=\"font-weight: 400;\">Conform\u00e9ment \u00e0 la loi n\u00b0 1.165 du 23 d\u00e9cembre 1993, modifi\u00e9e, relative \u00e0 la protection des informations nominatives, et \u00e0 la r\u00e8glementation applicable en Principaut\u00e9 de Monaco, vous disposez d\u2019un droit d\u2019acc\u00e8s, de rectification, d\u2019opposition, de limitation et de suppression portant sur les donn\u00e9es nominatives vous concernant en \u00e9crivant, par courrier \u00e9lectronique \u00e0\u00a0<\/span><span style=\"font-weight: 400;\">: <\/span><a href=\"mailto:sabine.india.roy@monaco.mc\"><span style=\"font-weight: 400;\">sabine.india.roy@monaco.mc<\/span><\/a><\/p><p><span style=\"font-weight: 400;\">Pour plus d\u2019informations, voir la notice relative \u00e0 la protection des donn\u00e9es personnelles.\u00a0<\/span><\/p><p>\u00a0<\/p><ul><li><b>Cookies\u00a0<\/b><\/li><\/ul><p>\u00a0<\/p><p><span style=\"font-weight: 400;\">Voir la notice relative \u00e0 la protection des donn\u00e9es personnelles.\u00a0<\/span><\/p><p><b>\u00a0<\/b><\/p><p>\u00a0<\/p><ul><li><b>Loi et tribunaux comp\u00e9tents<\/b><\/li><\/ul><p>\u00a0<\/p><p>\u00a0<\/p><p><span style=\"font-weight: 400;\">Le pr\u00e9sent Site est r\u00e9gi par les lois mon\u00e9gasques et tout diff\u00e9rend n&#8217;ayant pu trouver une issue amiable sera port\u00e9 devant les tribunaux de la Principaut\u00e9 de Monaco.<\/span><\/p><p><br \/><br \/><\/p><p>\u00a0<\/p><p><b>NOTICE PROTECTION DES DONNEES PERSONNELLES<\/b><\/p><p>\u00a0<\/p><p>\u00a0<\/p><p>\u00a0<\/p><ul><li><b>Identit\u00e9 et coordonn\u00e9es du responsable du traitement\u00a0<\/b><\/li><\/ul><p>\u00a0<\/p><p><span style=\"font-weight: 400;\">Sabine ROY<\/span><\/p><p><span style=\"font-weight: 400;\">7 rue de l\u2019Industrie \u00e0 98000 Monaco<\/span><\/p><p>\u00a0<\/p><p><span style=\"font-weight: 400;\">Email\u00a0: <\/span><a href=\"mailto:sabine.india.roy@monaco.mc\"><span style=\"font-weight: 400;\">sabine.india.roy@monaco.mc<\/span><\/a><\/p><p>\u00a0<\/p><p>\u00a0<\/p><ul><li><b>Collecte des donn\u00e9es<\/b><\/li><\/ul><p>\u00a0<\/p><p>\u00a0<\/p><p>\u00a0<\/p><ul><li><b>Donn\u00e9es\u00a0<\/b><\/li><\/ul><p>\u00a0<\/p><p><span style=\"font-weight: 400;\">Nous veillons \u00e0 ne collecter que les donn\u00e9es ad\u00e9quates, pertinentes et strictement n\u00e9cessaires pour l\u2019accomplissement des finalit\u00e9s pour lesquelles ces donn\u00e9es sont trait\u00e9es.<\/span><\/p><p><span style=\"font-weight: 400;\">Dans la cadre de la navigation sur le Site et de son utilisation, les donn\u00e9es correspondent aux cookies (voir Politique cookies), et le cas \u00e9ch\u00e9ant, via la rubrique \u00ab\u00a0Nous contacter\u00a0\u00bb du Site, aux adresses e-mail et autres informations que vous communiquez librement \u00e0 Pachamama Coaching.\u00a0<\/span><\/p><p>\u00a0<\/p><p><span style=\"font-weight: 400;\">Aucune donn\u00e9e personnelle n\u2019est collect\u00e9e \u00e0 votre insu.<\/span><\/p><p>\u00a0<\/p><p>\u00a0<\/p><ul><li><b>Politique Cookies\u00a0<\/b><\/li><\/ul><p>\u00a0<\/p><p><span style=\"font-weight: 400;\">Sabine ROY utilise des cookies \u00e0 des fins d&#8217;identifications personnelles. <\/span><span style=\"font-weight: 400;\">Ces cookies resteront stock\u00e9s dans l&#8217;ordinateur de l&#8217;internaute pendant cinq ans (5 ans), \u00e0 moins que l\u2019Utilisateur ne les supprime.<\/span><\/p><p><span style=\"font-weight: 400;\">Votre consentement est requis avant la mise en place des cookies sur votre terminal, \u00e0 l\u2019exception des cookies strictement n\u00e9cessaires au fonctionnement technique du Site, l\u00e9galement autoris\u00e9s afin que vous puissiez naviguer sur le Site.<\/span><\/p><p><span style=\"font-weight: 400;\">Tout Utilisateur a la possibilit\u00e9 de refuser ces cookies en cliquant sur le bouton \u00ab supprimer les cookies \u00bb dans les options Internet\/onglets : confidentialit\u00e9, sachant que l&#8217;utilisation du Site pourra s&#8217;en trouver limit\u00e9e.\u00a0<\/span><\/p><p><span style=\"font-weight: 400;\">Un \u00ab cookie \u00bb est un fichier texte qui enregistre des informations relatives \u00e0 la navigation d\u2019un internaute sur des sites mais il ne permet pas l\u2019identification de l\u2019utilisateur qui reste anonyme. Les statistiques fournies par les cookies permettent de conna\u00eetre le niveau d\u2019activit\u00e9 de notre site internet, ainsi que les pages les plus fr\u00e9quent\u00e9es. Ils sont n\u00e9cessaires \u00e0 la fourniture de nos services et ont uniquement pour objectif d\u2019am\u00e9liorer nos prestations.<\/span><\/p><p>\u00a0<\/p><p>\u00a0<\/p><p>\u00a0<\/p><ul><li><b>Finalit\u00e9 du traitement\u00a0<\/b><\/li><\/ul><p>\u00a0<\/p><p><span style=\"font-weight: 400;\">Nous traitons vos donn\u00e9es sur la base de votre consentement explicite, et sur la base de notre int\u00e9r\u00eat l\u00e9gitime au regard de vos attentes raisonnables lorsque vous entrez en contact avec le cabinet via le Site.<\/span><\/p><p><span style=\"font-weight: 400;\">Vos adresses e-mail, et le cas \u00e9ch\u00e9ant, toute autre information que vous nous communiquez librement, sont trait\u00e9es pour les finalit\u00e9s suivantes\u00a0:<\/span><\/p><p>\u00a0<\/p><ul><li style=\"font-weight: 400;\"><span style=\"font-weight: 400;\">Cr\u00e9ation et gestion du compte utilisateur ;<\/span><\/li><\/ul><p>\u00a0<\/p><ul><li style=\"font-weight: 400;\"><span style=\"font-weight: 400;\">R\u00e9ponse aux questions et envoi de propositions d\u2019accompagnement ou d\u2019intervention suite \u00e0 la demande de l\u2019utilisateur parvenue par t\u00e9l\u00e9phone, sms, mail ou via le formulaire de contact du site) ;<\/span><\/li><\/ul><p>\u00a0<\/p><ul><li style=\"font-weight: 400;\"><span style=\"font-weight: 400;\">Envoi de devis suite \u00e0 des demandes d\u2019intervention pour les structures ;<\/span><\/li><\/ul><p>\u00a0<\/p><ul><li style=\"font-weight: 400;\"><span style=\"font-weight: 400;\">Prise de rendez-vous ;<\/span><\/li><\/ul><p>\u00a0<\/p><p><span style=\"font-weight: 400;\">L\u2019ensemble de ces traitements est n\u00e9cessaire \u00e0 l\u2019ex\u00e9cution de ses services.\u00a0<\/span><\/p><p>\u00a0<\/p><ul><li><b>Destinataire des donn\u00e9es<\/b><\/li><\/ul><p>\u00a0<\/p><p><span style=\"font-weight: 400;\">Vos donn\u00e9es personnelles sont uniquement transmises \u00e0 Sabine ROY qui les conserve de mani\u00e8re confidentielle. Aucune donn\u00e9e n\u2019est divulgu\u00e9e \u00e0 des tiers ou transf\u00e9r\u00e9 en dehors de Monaco.\u00a0<\/span><\/p><p>\u00a0<\/p><p>\u00a0<\/p><ul><li><b>Dur\u00e9e de conservation\u00a0<\/b><\/li><\/ul><p>\u00a0<\/p><p><span style=\"font-weight: 400;\">Vos donn\u00e9es personnelles sont conserv\u00e9es pour la dur\u00e9e n\u00e9cessaire aux op\u00e9rations pour lesquelles vous avez consenti \u00e0 ce qu\u2019elles soient trait\u00e9es, dans le respect de la l\u00e9gislation en vigueur.<\/span><\/p><p>\u00a0<\/p><ol><li style=\"font-weight: 400;\"><b>Droits de la personne concern\u00e9e et conditions d\u2019exercice<\/b><\/li><\/ol><p>\u00a0<\/p><p><span style=\"font-weight: 400;\">Vous disposez d\u2019un droit d\u2019acc\u00e8s, de rectification, d\u2019opposition au traitement, et le cas \u00e9ch\u00e9ant d\u2019un droit \u00e0 la portabilit\u00e9, \u00e0 la limitation et \u00e0 l\u2019effacement de vos donn\u00e9es, que vous pouvez exercer par voie \u00e9lectronique ou par voie postale aupr\u00e8s du responsable du traitement.<\/span><\/p><p>\u00a0<\/p><p><span style=\"font-weight: 400;\">Vous pouvez \u00e0 tout moment retirer votre consentement lorsque celui-ci constitue la base l\u00e9gale du traitement.<\/span><\/p><p>\u00a0<\/p><p><span style=\"font-weight: 400;\">Le retrait du consentement n\u2019affecte pas la lic\u00e9it\u00e9 du traitement qui a eu lieu avant ce retrait.<\/span><\/p><p>\u00a0<\/p><ol><li style=\"font-weight: 400;\"><b>Droit de recours<\/b><\/li><\/ol><p>\u00a0<\/p><p><span style=\"font-weight: 400;\">Le cas \u00e9ch\u00e9ant, vous disposez du droit d\u2019introduire une r\u00e9clamation aupr\u00e8s de la Commission de contr\u00f4le des Informations Nominatives (CCIN) conform\u00e9ment \u00e0 la Loi n\u00b01.165 du 23 d\u00e9cembre 1993 consolid\u00e9e.<\/span><\/p>\t\t\t\t\t<\/div>\n\t\t\t\t\t\t<\/div>\n\t\t\t\t<\/div>\n\t\t\t\t\t\t<\/div>\n\t\t\t\t\t<\/div>\n\t\t<\/div>\n\t\t\t\t\t\t\t\t<\/div>\n\t\t\t\t\t<\/div>\n\t\t<\/section>\n\t\t\t\t\t\t<\/div>\n\t\t\t\t\t\t<\/div>\n\t\t\t\t\t<\/div>","protected":false},"excerpt":{"rendered":"<p>\u00a0 MENTIONS LEGALES \u00a0 \u00a0 Ce site est \u00e9dit\u00e9 par Pachamama Coaching, entreprise en nom personnelle domicili\u00e9e 7 rue de l\u2019Industrie \u00e0 98000 Monaco &#8211; Tel\u00a0: +377 99 99 67 29\u00a0 Directrice de la Publication\u00a0: Madame Sabine ROY\u00a0 \u00a0 H\u00e9bergeur du site\u00a0 \u00a0 Ce site est h\u00e9berg\u00e9 par\u00a0: IONOS\u00a0 Webdesign : Sophie Gatliff \u00a0 Propri\u00e9t\u00e9 [&hellip;]<\/p>","protected":false},"author":1,"featured_media":0,"parent":0,"menu_order":0,"comment_status":"closed","ping_status":"closed","template":"","meta":[],"_links":{"self":[{"href":"https:\/\/pachamamacoaching.com\/fr\/wp-json\/wp\/v2\/pages\/620"}],"collection":[{"href":"https:\/\/pachamamacoaching.com\/fr\/wp-json\/wp\/v2\/pages"}],"about":[{"href":"https:\/\/pachamamacoaching.com\/fr\/wp-json\/wp\/v2\/types\/page"}],"author":[{"embeddable":true,"href":"https:\/\/pachamamacoaching.com\/fr\/wp-json\/wp\/v2\/users\/1"}],"replies":[{"embeddable":true,"href":"https:\/\/pachamamacoaching.com\/fr\/wp-json\/wp\/v2\/comments?post=620"}],"version-history":[{"count":3,"href":"https:\/\/pachamamacoaching.com\/fr\/wp-json\/wp\/v2\/pages\/620\/revisions"}],"predecessor-version":[{"id":900,"href":"https:\/\/pachamamacoaching.com\/fr\/wp-json\/wp\/v2\/pages\/620\/revisions\/900"}],"wp:attachment":[{"href":"https:\/\/pachamamacoaching.com\/fr\/wp-json\/wp\/v2\/media?parent=620"}],"curies":[{"name":"wp","href":"https:\/\/api.w.org\/{rel}","templated":true}]}}