{"id":330,"date":"2019-06-10T16:35:01","date_gmt":"2019-06-10T15:35:01","guid":{"rendered":"https:\/\/new.pachamamacoaching.com\/?page_id=330"},"modified":"2021-08-15T11:06:19","modified_gmt":"2021-08-15T09:06:19","slug":"about-sabine","status":"publish","type":"page","link":"https:\/\/pachamamacoaching.com\/fr\/about-sabine\/","title":{"rendered":"\u00c0 propos de Sabine"},"content":{"rendered":"<div data-elementor-type=\"wp-post\" data-elementor-id=\"330\" class=\"elementor elementor-330\" data-elementor-settings=\"[]\">\n\t\t\t\t\t\t<div class=\"elementor-inner\">\n\t\t\t\t\t\t\t<div class=\"elementor-section-wrap\">\n\t\t\t\t\t\t\t<section class=\"elementor-section elementor-top-section elementor-element elementor-element-19005320 elementor-section-full_width elementor-section-content-middle elementor-section-height-min-height elementor-section-height-default elementor-section-items-middle\" data-id=\"19005320\" data-element_type=\"section\" data-settings=\"{&quot;background_background&quot;:&quot;classic&quot;}\">\n\t\t\t\t\t\t<div class=\"elementor-container elementor-column-gap-default\">\n\t\t\t\t\t\t\t<div class=\"elementor-row\">\n\t\t\t\t\t<div class=\"elementor-column elementor-col-100 elementor-top-column elementor-element elementor-element-54e9e669\" data-id=\"54e9e669\" data-element_type=\"column\" data-settings=\"{&quot;background_background&quot;:&quot;classic&quot;}\">\n\t\t\t<div class=\"elementor-column-wrap elementor-element-populated\">\n\t\t\t\t\t\t\t<div class=\"elementor-widget-wrap\">\n\t\t\t\t\t\t<div class=\"elementor-element elementor-element-0e7f724 animated-slow elementor-invisible elementor-widget elementor-widget-text-editor\" data-id=\"0e7f724\" data-element_type=\"widget\" data-settings=\"{&quot;_animation&quot;:&quot;fadeInUp&quot;}\" data-widget_type=\"text-editor.default\">\n\t\t\t\t<div class=\"elementor-widget-container\">\n\t\t\t\t\t\t\t\t<div class=\"elementor-text-editor elementor-clearfix\">\n\t\t\t\t\t<h3>\u00c0 propos de<\/h3><p>Sabine India Roy<\/p>\t\t\t\t\t<\/div>\n\t\t\t\t\t\t<\/div>\n\t\t\t\t<\/div>\n\t\t\t\t<div class=\"elementor-element elementor-element-6b09790 elementor-align-center animated-slow elementor-invisible elementor-widget elementor-widget-button\" data-id=\"6b09790\" data-element_type=\"widget\" data-settings=\"{&quot;_animation&quot;:&quot;fadeInUp&quot;}\" data-widget_type=\"button.default\">\n\t\t\t\t<div class=\"elementor-widget-container\">\n\t\t\t\t\t<div class=\"elementor-button-wrapper\">\n\t\t\t<a href=\"https:\/\/pachamamacoaching.com\/fr\/get-in-touch\/\" class=\"elementor-button-link elementor-button elementor-size-xs\" role=\"button\">\n\t\t\t\t\t\t<span class=\"elementor-button-content-wrapper\">\n\t\t\t\t\t\t<span class=\"elementor-button-text\">Contactez Sabine<\/span>\n\t\t<\/span>\n\t\t\t\t\t<\/a>\n\t\t<\/div>\n\t\t\t\t<\/div>\n\t\t\t\t<\/div>\n\t\t\t\t\t\t<\/div>\n\t\t\t\t\t<\/div>\n\t\t<\/div>\n\t\t\t\t\t\t\t\t<\/div>\n\t\t\t\t\t<\/div>\n\t\t<\/section>\n\t\t\t\t<section class=\"elementor-section elementor-top-section elementor-element elementor-element-57ed06eb elementor-section-content-middle elementor-section-boxed elementor-section-height-default elementor-section-height-default\" data-id=\"57ed06eb\" data-element_type=\"section\">\n\t\t\t\t\t\t<div class=\"elementor-container elementor-column-gap-no\">\n\t\t\t\t\t\t\t<div class=\"elementor-row\">\n\t\t\t\t\t<div class=\"elementor-column elementor-col-100 elementor-top-column elementor-element elementor-element-2694ac85 animated-slow\" data-id=\"2694ac85\" data-element_type=\"column\" data-settings=\"{&quot;motion_fx_motion_fx_scrolling&quot;:&quot;yes&quot;,&quot;motion_fx_translateY_effect&quot;:&quot;yes&quot;,&quot;animation&quot;:&quot;none&quot;,&quot;motion_fx_translateY_speed&quot;:{&quot;unit&quot;:&quot;px&quot;,&quot;size&quot;:4,&quot;sizes&quot;:[]},&quot;motion_fx_translateY_affectedRange&quot;:{&quot;unit&quot;:&quot;%&quot;,&quot;size&quot;:&quot;&quot;,&quot;sizes&quot;:{&quot;start&quot;:0,&quot;end&quot;:100}},&quot;motion_fx_devices&quot;:[&quot;desktop&quot;,&quot;tablet&quot;,&quot;mobile&quot;]}\">\n\t\t\t<div class=\"elementor-column-wrap elementor-element-populated\">\n\t\t\t\t\t\t\t<div class=\"elementor-widget-wrap\">\n\t\t\t\t\t\t<div class=\"elementor-element elementor-element-78767bd elementor-widget elementor-widget-image\" data-id=\"78767bd\" data-element_type=\"widget\" data-settings=\"{&quot;motion_fx_motion_fx_scrolling&quot;:&quot;yes&quot;,&quot;motion_fx_rotateZ_effect&quot;:&quot;yes&quot;,&quot;motion_fx_rotateZ_speed&quot;:{&quot;unit&quot;:&quot;px&quot;,&quot;size&quot;:1,&quot;sizes&quot;:[]},&quot;motion_fx_rotateZ_affectedRange&quot;:{&quot;unit&quot;:&quot;%&quot;,&quot;size&quot;:&quot;&quot;,&quot;sizes&quot;:{&quot;start&quot;:0,&quot;end&quot;:100}},&quot;motion_fx_devices&quot;:[&quot;desktop&quot;,&quot;tablet&quot;,&quot;mobile&quot;]}\" data-widget_type=\"image.default\">\n\t\t\t\t<div class=\"elementor-widget-container\">\n\t\t\t\t\t\t\t\t<div class=\"elementor-image\">\n\t\t\t\t\t\t\t\t\t\t\t\t<img src=\"https:\/\/pachamamacoaching.com\/wp-content\/uploads\/elementor\/thumbs\/dharma-wheel-om9ev4xbqgvd6w51io6itlqdd3xas2ezisnj90h4h4.png\" title=\"dharma-wheel\" alt=\"dharma-wheel\" \/>\t\t\t\t\t\t\t\t\t\t\t\t\t\t<\/div>\n\t\t\t\t\t\t<\/div>\n\t\t\t\t<\/div>\n\t\t\t\t<div class=\"elementor-element elementor-element-1052aaa5 elementor-widget elementor-widget-heading\" data-id=\"1052aaa5\" data-element_type=\"widget\" data-widget_type=\"heading.default\">\n\t\t\t\t<div class=\"elementor-widget-container\">\n\t\t\t<h2 class=\"elementor-heading-title elementor-size-default\">Mon parcours<\/h2>\t\t<\/div>\n\t\t\t\t<\/div>\n\t\t\t\t<div class=\"elementor-element elementor-element-3f3d474 elementor-widget elementor-widget-text-editor\" data-id=\"3f3d474\" data-element_type=\"widget\" data-widget_type=\"text-editor.default\">\n\t\t\t\t<div class=\"elementor-widget-container\">\n\t\t\t\t\t\t\t\t<div class=\"elementor-text-editor elementor-clearfix\">\n\t\t\t\t\t<p>J\u2019ai entrepris un voyage personnel de d\u00e9couverte du corps, du mental et de l\u2019esprit il y a plus de 25 ans. J\u2019ai v\u00e9cu dans de nombreux univers, qui m\u2019ont tous enrichie. Depuis que je suis n\u00e9e, je vois les choses diff\u00e9remment ; c\u2019est ma passion et mon devoir d\u2019utiliser ce don pour aider les autres \u00e0 faire des changements dans leur vie.<\/p><p>J'ai commenc\u00e9 ma carri\u00e8re dans diverses organisations internationales, o\u00f9 j'ai beaucoup appris sur les gens. Vers 35 ans, j'ai cofond\u00e9 une banque, puis une agence de recrutement, utilisant mes capacit\u00e9s \u00e0 d\u00e9celer les talents de chacun pour leur offrir un r\u00f4le id\u00e9al pour eux. Pour pouvoir m\u2019occuper davantage de mes enfants, j\u2019ai ralenti et je me suis tourn\u00e9e vers des activit\u00e9s plus spirituelles : un studio de th\u00e9rapies holistiques et coaching et un r\u00f4le de conseill\u00e8re et accompagnatrice de personnes en fin de vie dans un service pour malades du cancer. J\u2019ai \u00e9galement suivi une formation pour devenir professeure de yoga ashtanga.<\/p><p>Pour pouvoir m\u2019occuper davantage de mes enfants, j\u2019ai ralenti et je me suis tourn\u00e9e vers des activit\u00e9s plus spirituelles : un studio de coaching et un r\u00f4le de conseill\u00e8re et accompagnatrice de personnes en fin de vie dans un service pour malades du cancer. J\u2019ai \u00e9galement suivi une formation pour devenir professeure de yoga ashtanga.\n\nAu cours de ma vie, j\u2019ai eu le privil\u00e8ge de beaucoup voyager et de d\u00e9couvrir les sagesses d\u2019autres cultures. J\u2019ai une affinit\u00e9 particuli\u00e8re avec le P\u00e9rou et les traditions des Andes, d\u2019o\u00f9 le nom \u00ab Pachamama \u00bb, qui signifie \u00ab notre m\u00e8re la Terre \u00bb.<\/p><p>Je parle couramment l\u2019anglais, le fran\u00e7ais et l\u2019allemand, ma langue maternelle.<\/p>\t\t\t\t\t<\/div>\n\t\t\t\t\t\t<\/div>\n\t\t\t\t<\/div>\n\t\t\t\t<div class=\"elementor-element elementor-element-57134d8 elementor-align-center elementor-widget elementor-widget-button\" data-id=\"57134d8\" data-element_type=\"widget\" data-widget_type=\"button.default\">\n\t\t\t\t<div class=\"elementor-widget-container\">\n\t\t\t\t\t<div class=\"elementor-button-wrapper\">\n\t\t\t<a href=\"https:\/\/pachamamacoaching.com\/fr\/get-in-touch\/\" class=\"elementor-button-link elementor-button elementor-size-xs\" role=\"button\">\n\t\t\t\t\t\t<span class=\"elementor-button-content-wrapper\">\n\t\t\t\t\t\t<span class=\"elementor-button-text\">Contactez Sabine<\/span>\n\t\t<\/span>\n\t\t\t\t\t<\/a>\n\t\t<\/div>\n\t\t\t\t<\/div>\n\t\t\t\t<\/div>\n\t\t\t\t\t\t<\/div>\n\t\t\t\t\t<\/div>\n\t\t<\/div>\n\t\t\t\t\t\t\t\t<\/div>\n\t\t\t\t\t<\/div>\n\t\t<\/section>\n\t\t\t\t\t\t<\/div>\n\t\t\t\t\t\t<\/div>\n\t\t\t\t\t<\/div>","protected":false},"excerpt":{"rendered":"<p>About Sabine India Roy Talk to Sabine My Story I\u2019ve been on a personal journey of discovery of mind, body and spirit for over 25 years. During that time I\u2019ve experienced many worlds and been enriched by them. I was born with the gift of seeing things in a different way, and it\u2019s my passion [&hellip;]<\/p>","protected":false},"author":1,"featured_media":0,"parent":0,"menu_order":0,"comment_status":"closed","ping_status":"closed","template":"","meta":[],"_links":{"self":[{"href":"https:\/\/pachamamacoaching.com\/fr\/wp-json\/wp\/v2\/pages\/330"}],"collection":[{"href":"https:\/\/pachamamacoaching.com\/fr\/wp-json\/wp\/v2\/pages"}],"about":[{"href":"https:\/\/pachamamacoaching.com\/fr\/wp-json\/wp\/v2\/types\/page"}],"author":[{"embeddable":true,"href":"https:\/\/pachamamacoaching.com\/fr\/wp-json\/wp\/v2\/users\/1"}],"replies":[{"embeddable":true,"href":"https:\/\/pachamamacoaching.com\/fr\/wp-json\/wp\/v2\/comments?post=330"}],"version-history":[{"count":42,"href":"https:\/\/pachamamacoaching.com\/fr\/wp-json\/wp\/v2\/pages\/330\/revisions"}],"predecessor-version":[{"id":1016,"href":"https:\/\/pachamamacoaching.com\/fr\/wp-json\/wp\/v2\/pages\/330\/revisions\/1016"}],"wp:attachment":[{"href":"https:\/\/pachamamacoaching.com\/fr\/wp-json\/wp\/v2\/media?parent=330"}],"curies":[{"name":"wp","href":"https:\/\/api.w.org\/{rel}","templated":true}]}}